{"id":14167,"date":"2026-03-24T17:33:23","date_gmt":"2026-03-24T17:33:23","guid":{"rendered":"https:\/\/www.autoviabh.com.br\/?post_type=product&#038;p=14167"},"modified":"2026-03-24T17:37:54","modified_gmt":"2026-03-24T17:37:54","slug":"renault-megane-grand-tour-dynamique-2-0-16v-mec-2008","status":"publish","type":"product","link":"https:\/\/www.autoviabh.com.br\/?product=renault-megane-grand-tour-dynamique-2-0-16v-mec-2008","title":{"rendered":"Renault &#8211; Megane Grand Tour Dynamique 2.0 16V Mec. 2008"},"content":{"rendered":"<p>#VENDA #AUTOVIASEMINOVOS<\/p>\n<p>\u3030\ufe0f\u3030\ufe0f\u3030\ufe0f\u3030\ufe0f\u3030\ufe0f\u3030\ufe0f\u3030\ufe0f\u3030\ufe0f\u3030\ufe0f\u3030\ufe0f\u3030\ufe0f\u3030\ufe0f\u3030\ufe0f\u3030\ufe0f\u3030\ufe0f<\/p>\n<p>\ud83d\udcb8 Pre\u00e7o v\u00e1lido para dia do an\u00fancio (podendo haver altera\u00e7\u00f5es)<\/p>\n<p>\ud83d\udccdR. Coronel Gabriel de andrade, 32 &#8211; Industrial &#8211; Contagem\/MG<\/p>\n<p>\ud83d\udea9 Desde 2014<\/p>\n<p>\ud83d\udcbc Compra, Venda e Consultoria Automotiva<\/p>\n<p>\ud83d\ude9b Enviamos p\/ Todo Brasil<\/p>\n<p>\ud83d\udcde (31) 2565-8665 Link \ud83d\udc47\ud83c\udffb<\/p>\n<p>api.whatsapp.com\/send?phone=553125658665&amp;text=Ola<\/p>\n<p>\u3030\ufe0f\u3030\ufe0f\u3030\ufe0f\u3030\ufe0f\u3030\ufe0f\u3030\ufe0f\u3030\ufe0f\u3030\ufe0f\u3030\ufe0f\u3030\ufe0f\u3030\ufe0f\u3030\ufe0f\u3030\ufe0f\u3030\ufe0f\u3030\ufe0f<\/p>\n<p>#seminovos #oportunidade #financiamento #carros #carronovo #vendadecarros #seminovosbh #olx #webmotors #icarros #mercadolivre #compre #pneus #autovia #ted #cdc #consorcio #rodas #apple #gold #luxo #offroad #4&#215;4 #rangerover<\/p>\n","protected":false},"excerpt":{"rendered":"<p>*** VENDENDO QUALIDADE , N\u00c3O PRE\u00c7O***<\/p>\n<p>&#8211; Veiculo impecavel, laudo 100% APROVADO.<br \/>\n&#8211; Unico Dono<br \/>\n&#8211; 4 Pneus Pirelli Novos<br \/>\n&#8211; Estrutura Impecavel<br \/>\n&#8211; Completo c\/ tudo funcionando perfeitamente<br \/>\n&#8211; Cambio Manual<br \/>\n&#8211; Interna impecavel, sem detalhes ou desgastes<br \/>\n&#8211; IPVA2026 Pago<\/p>\n<p>Financiamento em todos os bancos mediante a analise de credito, cart\u00e3o ate 24x<br \/>\nAceitamos trocas mediante a avalia\u00e7\u00e3o.<\/p>\n<p>POR FAVOR, CHAME SO SE TIVER REAL INTERESSE DE COMPRA! PROPOSTAS FUGINDO DO PRE\u00c7O N\u00c3O SERA RESPONDIDO!!!<\/p>\n<p>Mais informacoes: 31 25658665 Gabriel\/ Whats<\/p>\n","protected":false},"featured_media":14168,"comment_status":"open","ping_status":"closed","template":"","meta":{"om_disable_all_campaigns":false,"_monsterinsights_skip_tracking":false,"_monsterinsights_sitenote_active":false,"_monsterinsights_sitenote_note":"","_monsterinsights_sitenote_category":0,"spay_email":""},"product_cat":[45,30,64,24],"product_tag":[],"class_list":{"0":"post-14167","1":"product","2":"type-product","3":"status-publish","4":"has-post-thumbnail","6":"product_cat-mais-procurados","7":"product_cat-manual","8":"product_cat-renault","9":"product_cat-seminovos","11":"first","12":"instock","13":"shipping-taxable","14":"purchasable","15":"product-type-simple"},"jetpack-related-posts":[{"id":14254,"url":"https:\/\/www.autoviabh.com.br\/?product=toyota-corolla-xei-2-0-flex-16v-2017-aut","url_meta":{"origin":14167,"position":0},"title":"Toyota Corolla XEI 2.0 Flex 16V - 2017 Aut","date":"abril 6, 2026","format":false,"excerpt":"74.000 km \u2022 Vermelho \u2022 Autom\u00e1tico ***Veiculo impec\u00e1vel, pneus novos, interna impec\u00e1vel, zero de andar, km baixo**** *AUTOVIA SEMINOVOS * 312565-8665 Gabriel (WhatsApp\/Fixo) Ter AUTOVIA \u00e9 sin\u00f4nimo de viver experi\u00eancias \u00fanicas, com seguran\u00e7a, tecnologia, conforto e exclusividade. Entregamos para todo o pa\u00eds, basta conversar conosco para ver as op\u00e7\u00f5es de\u2026","rel":"","context":"Post similar","img":{"alt_text":"","src":"https:\/\/www.autoviabh.com.br\/wp-content\/uploads\/2026\/04\/WhatsApp-Image-2026-04-02-at-10.43.35-AM.jpeg","width":350,"height":200},"classes":[]},{"id":14186,"url":"https:\/\/www.autoviabh.com.br\/?product=kia-motors-cerato-1-6-16v-flex-aut-2018","url_meta":{"origin":14167,"position":1},"title":"Kia Motors Cerato 1.6 16V Flex Aut. 2018","date":"mar\u00e7o 24, 2026","format":false,"excerpt":"99.000km \/ IPVA 2026 PAGO \/ PNEUS NOVOS \/ VOLANTE MULTIFUNCIONAL CARRO IMPECAVEL *AUTOVIA SEMINOVOS * 31 25658665 ver n\u00famero Gabriel (WhatsApp\/Fixo) Ter AUTOVIA \u00e9 sin\u00f4nimo de viver experi\u00eancias \u00fanicas, com seguran\u00e7a, tecnologia, conforto e exclusividade. Entregamos para todo o pa\u00eds, basta conversar conosco para ver as op\u00e7\u00f5es de frete.\u2026","rel":"","context":"Post similar","img":{"alt_text":"","src":"https:\/\/www.autoviabh.com.br\/wp-content\/uploads\/2026\/03\/7168ff98-e4f0-4eb2-b4f5-b308487da12e-1.jpg","width":350,"height":200},"classes":[]},{"id":13932,"url":"https:\/\/www.autoviabh.com.br\/?product=gm-monza-classic-sl-1-8-1990","url_meta":{"origin":14167,"position":2},"title":"GM - Monza Classic SL 1.8 - 1990","date":"mar\u00e7o 12, 2026","format":false,"excerpt":"**Laudo placa preta** (95% originalidade) Ve\u00edculo impec\u00e1vel Mec\u00e2nica e revis\u00f5es em dia Pneus novos Dire\u00e7\u00e3o hidr\u00e1ulica Vidros el\u00e9tricos Som Parte el\u00e9trica toda funcionando *AUTOVIA SEMINOVOS * 312565-8665 Gabriel (WhatsApp\/Fixo) Ter AUTOVIA \u00e9 sin\u00f4nimo de viver experi\u00eancias \u00fanicas, com seguran\u00e7a, tecnologia, conforto e exclusividade. Entregamos para todo o pa\u00eds, basta conversar\u2026","rel":"","context":"Post similar","img":{"alt_text":"","src":"https:\/\/www.autoviabh.com.br\/wp-content\/uploads\/2026\/03\/WhatsApp-Image-2026-02-19-at-5.33.43-PM.jpeg","width":350,"height":200},"classes":[]},{"id":14124,"url":"https:\/\/www.autoviabh.com.br\/?product=toyota-yaris-xl-1-5-flex-16v-5p-aut-2023","url_meta":{"origin":14167,"position":3},"title":"Toyota Yaris XL 1.5 Flex 16V 5P Aut. 2023","date":"mar\u00e7o 20, 2026","format":false,"excerpt":"60.000km \/ PNEUS NOVOS \/ A\/C DIGITAL \/ IPVA 2026 PAGO *AUTOVIA SEMINOVOS * 312565-8665 Gabriel (WhatsApp\/Fixo) Ter AUTOVIA \u00e9 sin\u00f4nimo de viver experi\u00eancias \u00fanicas, com seguran\u00e7a, tecnologia, conforto e exclusividade. Entregamos para todo o pa\u00eds, basta conversar conosco para ver as op\u00e7\u00f5es de frete. N\u00f3s da Autovia pegamos seu\u2026","rel":"","context":"Post similar","img":{"alt_text":"","src":"https:\/\/www.autoviabh.com.br\/wp-content\/uploads\/2026\/03\/fotos-yaris-1.jpg","width":350,"height":200},"classes":[]},{"id":14218,"url":"https:\/\/www.autoviabh.com.br\/?product=fiat-toro-ultra-2-0-4x4-diesel-2020-aut","url_meta":{"origin":14167,"position":4},"title":"Fiat - TORO Ultra 2.0 4X4 Diesel - 2020 Aut","date":"mar\u00e7o 26, 2026","format":false,"excerpt":"87.000KM Ultra Sem retoques 4 pneus michelin novos Ultra 4X4 Diesel *AUTOVIA SEMINOVOS * 312565-8665 Gabriel (WhatsApp\/Fixo) Ter AUTOVIA \u00e9 sin\u00f4nimo de viver experi\u00eancias \u00fanicas, com seguran\u00e7a, tecnologia, conforto e exclusividade. Entregamos para todo o pa\u00eds, basta conversar conosco para ver as op\u00e7\u00f5es de frete. N\u00f3s da Autovia pegamos seu\u2026","rel":"","context":"Post similar","img":{"alt_text":"","src":"https:\/\/www.autoviabh.com.br\/wp-content\/uploads\/2026\/03\/WhatsApp-Image-2026-03-26-at-3.44.41-PM.jpeg","width":350,"height":200},"classes":[]},{"id":13969,"url":"https:\/\/www.autoviabh.com.br\/?product=kia-sportage-ex-2-0-flex-aut-2018","url_meta":{"origin":14167,"position":5},"title":"Kia- Sportage EX 2.0 - Flex Aut. 2018","date":"mar\u00e7o 12, 2026","format":false,"excerpt":"-VALOR PARA VENDAS A VISTA, TROCAS CONSULTAR!!!! *AUTOVIA SEMINOVOS * 312565-8665 Gabriel (WhatsApp\/Fixo) Ter AUTOVIA \u00e9 sin\u00f4nimo de viver experi\u00eancias \u00fanicas, com seguran\u00e7a, tecnologia, conforto e exclusividade. Entregamos para todo o pa\u00eds, basta conversar conosco para ver as op\u00e7\u00f5es de frete. N\u00f3s da Autovia pegamos seu ve\u00edculo usado na troca,\u2026","rel":"","context":"Post similar","img":{"alt_text":"","src":"https:\/\/www.autoviabh.com.br\/wp-content\/uploads\/2026\/03\/WhatsApp-Image-2026-03-12-at-11.08.33-AM-1.jpeg","width":350,"height":200},"classes":[]}],"_links":{"self":[{"href":"https:\/\/www.autoviabh.com.br\/index.php?rest_route=\/wp\/v2\/product\/14167","targetHints":{"allow":["GET"]}}],"collection":[{"href":"https:\/\/www.autoviabh.com.br\/index.php?rest_route=\/wp\/v2\/product"}],"about":[{"href":"https:\/\/www.autoviabh.com.br\/index.php?rest_route=\/wp\/v2\/types\/product"}],"replies":[{"embeddable":true,"href":"https:\/\/www.autoviabh.com.br\/index.php?rest_route=%2Fwp%2Fv2%2Fcomments&post=14167"}],"wp:featuredmedia":[{"embeddable":true,"href":"https:\/\/www.autoviabh.com.br\/index.php?rest_route=\/wp\/v2\/media\/14168"}],"wp:attachment":[{"href":"https:\/\/www.autoviabh.com.br\/index.php?rest_route=%2Fwp%2Fv2%2Fmedia&parent=14167"}],"wp:term":[{"taxonomy":"product_cat","embeddable":true,"href":"https:\/\/www.autoviabh.com.br\/index.php?rest_route=%2Fwp%2Fv2%2Fproduct_cat&post=14167"},{"taxonomy":"product_tag","embeddable":true,"href":"https:\/\/www.autoviabh.com.br\/index.php?rest_route=%2Fwp%2Fv2%2Fproduct_tag&post=14167"}],"curies":[{"name":"wp","href":"https:\/\/api.w.org\/{rel}","templated":true}]}}